{"id":242,"date":"2021-02-12T19:00:13","date_gmt":"2021-02-12T18:00:13","guid":{"rendered":"https:\/\/campingleverdoyant.fr\/2014\/?page_id=242"},"modified":"2025-01-31T16:34:47","modified_gmt":"2025-01-31T15:34:47","slug":"tarifs","status":"publish","type":"page","link":"https:\/\/campingleverdoyant.com\/verdoyant\/tarifs\/","title":{"rendered":"Les Tarifs"},"content":{"rendered":"\t\t<div data-elementor-type=\"wp-page\" data-elementor-id=\"242\" class=\"elementor elementor-242\" data-elementor-post-type=\"page\">\n\t\t\t\t\t\t<section class=\"elementor-section elementor-top-section elementor-element elementor-element-376b57f elementor-section-boxed elementor-section-height-default elementor-section-height-default\" data-id=\"376b57f\" data-element_type=\"section\" data-e-type=\"section\">\n\t\t\t\t\t\t<div class=\"elementor-container elementor-column-gap-default\">\n\t\t\t\t\t<div class=\"elementor-column elementor-col-100 elementor-top-column elementor-element elementor-element-d2c3e37\" data-id=\"d2c3e37\" data-element_type=\"column\" data-e-type=\"column\">\n\t\t\t<div class=\"elementor-widget-wrap elementor-element-populated\">\n\t\t\t\t\t\t<div class=\"elementor-element elementor-element-dfd54c7 elementor-widget elementor-widget-heading\" data-id=\"dfd54c7\" data-element_type=\"widget\" data-e-type=\"widget\" data-widget_type=\"heading.default\">\n\t\t\t\t<div class=\"elementor-widget-container\">\n\t\t\t\t\t<h2 class=\"elementor-heading-title elementor-size-default\">Les tarifs<\/h2>\t\t\t\t<\/div>\n\t\t\t\t<\/div>\n\t\t\t\t\t<\/div>\n\t\t<\/div>\n\t\t\t\t\t<\/div>\n\t\t<\/section>\n\t\t\t\t<section class=\"elementor-section elementor-top-section elementor-element elementor-element-6a0de04c elementor-section-boxed elementor-section-height-default elementor-section-height-default\" data-id=\"6a0de04c\" data-element_type=\"section\" data-e-type=\"section\">\n\t\t\t\t\t\t<div class=\"elementor-container elementor-column-gap-default\">\n\t\t\t\t\t<div class=\"elementor-column elementor-col-50 elementor-top-column elementor-element elementor-element-79d8f27a\" data-id=\"79d8f27a\" data-element_type=\"column\" data-e-type=\"column\">\n\t\t\t<div class=\"elementor-widget-wrap elementor-element-populated\">\n\t\t\t\t\t\t<div class=\"elementor-element elementor-element-6cca7fa5 elementor-widget elementor-widget-text-editor\" data-id=\"6cca7fa5\" data-element_type=\"widget\" data-e-type=\"widget\" data-widget_type=\"text-editor.default\">\n\t\t\t\t<div class=\"elementor-widget-container\">\n\t\t\t\t\t\t\t\t\t<p>\u2666\u00a0 <strong>Vous n&rsquo;avez pas de dates<\/strong> mais vous souhaitez simplement consulter les prix. <br \/>Cliquez sur le lien pour visualiser tous les<span style=\"color: #99cc00; font-size: 14pt;\">\u00a0<a style=\"color: #99cc00;\" href=\"https:\/\/reservation.secureholiday.net\/fr\/3874\/availabilities\" target=\"_blank\" rel=\"noopener noreferrer\"><strong>tarifs en ligne<\/strong><\/a><br \/><\/span><span style=\"color: #ffffff;\"><strong><span style=\"font-size: 12pt;\">camping dordogne mobil home promo 2 semaines long s\u00e9jour<br \/><\/span><\/strong><\/span>\u2666\u00a0 <strong>Vous avez des dates : <\/strong>allez dans <b>l&rsquo;onglet ci-dessus<\/b>, cliquez sur \u00ab\u00a0AJOUTER DATES\u00a0\u00bb et entrez vos dates, cliquez sur \u00ab\u00a0AJOUTER PARTICIPANT et ajouter le nombre de personnes, cliquez sur \u00ab\u00a0TOUS LES HEBERGEMENTS\u00a0\u00bb et s\u00e9lectionner le type d&rsquo;h\u00e9bergement souhait\u00e9 et cliquez sur \u00ab\u00a0RECHERCHER\u00a0\u00bb<\/p><p>Une nouvelle page va s&rsquo;ouvrir. Vous y trouverez toutes vos informations.<br \/>Ensuite, ajouter vos options (si n\u00e9cessaire) : des autres occupants, un animal, une voiture suppl\u00e9mentaire, etc&#8230; Le montant de votre s\u00e9jour s&rsquo;affiche automatiquement. <span style=\"color: #ffffff;\">location mobil home pas cher dordogne\u00a0<\/span><\/p><p>Pour votre r\u00e9servation, vous pouvez choisir les paiements suivants : carte bancaire, ch\u00e8que bancaire, ch\u00e8que vacances ou connect, virement, mandat cash, paypal classique ou en 3 fois.<br \/>En cas de paiement par ch\u00e8que, vous avez une semaine pour l&rsquo;envoyer par courrier.<br \/>Le solde sera \u00e0 r\u00e9gler le jour de l&rsquo;arriv\u00e9e.<\/p>\t\t\t\t\t\t\t\t<\/div>\n\t\t\t\t<\/div>\n\t\t\t\t<div class=\"elementor-element elementor-element-4b1e6a2 elementor-widget elementor-widget-text-editor\" data-id=\"4b1e6a2\" data-element_type=\"widget\" data-e-type=\"widget\" data-widget_type=\"text-editor.default\">\n\t\t\t\t<div class=\"elementor-widget-container\">\n\t\t\t\t\t\t\t\t\t<p style=\"text-align: center;\"><strong><span style=\"color: #99cc00;\">Vous \u00eates int\u00e9ress\u00e9 ? alors n&rsquo;attendez plus, r\u00e9servez et \u00e0 bient\u00f4t !<\/span><\/strong><\/p>\t\t\t\t\t\t\t\t<\/div>\n\t\t\t\t<\/div>\n\t\t\t\t<div class=\"elementor-element elementor-element-692961f elementor-hidden-mobile elementor-widget elementor-widget-text-editor\" data-id=\"692961f\" data-element_type=\"widget\" data-e-type=\"widget\" data-widget_type=\"text-editor.default\">\n\t\t\t\t<div class=\"elementor-widget-container\">\n\t\t\t\t\t\t\t\t\t<p><span style=\"color: #ffffff; font-size: 10pt;\">location mobil home Dordogne <strong>camping pas cher<\/strong> caravane tente grand emplacement pas cher<\/span><\/p>\t\t\t\t\t\t\t\t<\/div>\n\t\t\t\t<\/div>\n\t\t\t\t\t<\/div>\n\t\t<\/div>\n\t\t\t\t<div class=\"elementor-column elementor-col-50 elementor-top-column elementor-element elementor-element-04fd9bf\" data-id=\"04fd9bf\" data-element_type=\"column\" data-e-type=\"column\">\n\t\t\t<div class=\"elementor-widget-wrap elementor-element-populated\">\n\t\t\t\t\t\t<div class=\"elementor-element elementor-element-b97e831 elementor-widget elementor-widget-text-editor\" data-id=\"b97e831\" data-element_type=\"widget\" data-e-type=\"widget\" data-widget_type=\"text-editor.default\">\n\t\t\t\t<div class=\"elementor-widget-container\">\n\t\t\t\t\t\t\t\t\t<p style=\"text-align: center;\"><span style=\"color: #99cc00; font-size: 14pt;\"><strong>Toutes les promos<\/strong><\/span><\/p>\t\t\t\t\t\t\t\t<\/div>\n\t\t\t\t<\/div>\n\t\t\t\t<div class=\"elementor-element elementor-element-6825173 elementor-widget elementor-widget-shortcode\" data-id=\"6825173\" data-element_type=\"widget\" data-e-type=\"widget\" data-widget_type=\"shortcode.default\">\n\t\t\t\t<div class=\"elementor-widget-container\">\n\t\t\t\t\t\t\t<div class=\"elementor-shortcode\"><ctv-offers ><\/ctv-offers><\/div>\n\t\t\t\t\t\t<\/div>\n\t\t\t\t<\/div>\n\t\t\t\t\t<\/div>\n\t\t<\/div>\n\t\t\t\t\t<\/div>\n\t\t<\/section>\n\t\t\t\t<section class=\"elementor-section elementor-top-section elementor-element elementor-element-e08b2db elementor-section-boxed elementor-section-height-default elementor-section-height-default\" data-id=\"e08b2db\" data-element_type=\"section\" data-e-type=\"section\">\n\t\t\t\t\t\t<div class=\"elementor-container elementor-column-gap-default\">\n\t\t\t\t\t<div class=\"elementor-column elementor-col-33 elementor-top-column elementor-element elementor-element-7edfa06\" data-id=\"7edfa06\" data-element_type=\"column\" data-e-type=\"column\">\n\t\t\t<div class=\"elementor-widget-wrap\">\n\t\t\t\t\t\t\t<\/div>\n\t\t<\/div>\n\t\t\t\t<div class=\"elementor-column elementor-col-33 elementor-top-column elementor-element elementor-element-e762d0f\" data-id=\"e762d0f\" data-element_type=\"column\" data-e-type=\"column\">\n\t\t\t<div class=\"elementor-widget-wrap elementor-element-populated\">\n\t\t\t\t\t\t<div class=\"elementor-element elementor-element-d48ba2c elementor-widget elementor-widget-text-editor\" data-id=\"d48ba2c\" data-element_type=\"widget\" data-e-type=\"widget\" data-widget_type=\"text-editor.default\">\n\t\t\t\t<div class=\"elementor-widget-container\">\n\t\t\t\t\t\t\t\t\t<p style=\"text-align: center;\"><span style=\"font-family: var( --e-global-typography-text-font-family ), Sans-serif; font-weight: var( --e-global-typography-text-font-weight ); background-color: var( --e-global-color-primary ); color: var(--nv-text-color); text-align: center;\">Vous avez une aide\u00a0<\/span><span style=\"font-family: var( --e-global-typography-text-font-family ), Sans-serif; font-weight: var( --e-global-typography-text-font-weight ); background-color: var( --e-global-color-primary ); text-align: center; color: #99cc00;\">Vacaf<\/span><span style=\"font-family: var( --e-global-typography-text-font-family ), Sans-serif; font-weight: var( --e-global-typography-text-font-weight ); background-color: var( --e-global-color-primary ); color: var(--nv-text-color); text-align: center;\">\u00a0? suivez le guide :\u00a0<\/span><\/p>\t\t\t\t\t\t\t\t<\/div>\n\t\t\t\t<\/div>\n\t\t\t\t<div class=\"elementor-element elementor-element-5b6f390 elementor-mobile-align-center elementor-align-center elementor-widget elementor-widget-button\" data-id=\"5b6f390\" data-element_type=\"widget\" data-e-type=\"widget\" data-widget_type=\"button.default\">\n\t\t\t\t<div class=\"elementor-widget-container\">\n\t\t\t\t\t\t\t\t\t<div class=\"elementor-button-wrapper\">\n\t\t\t\t\t<a class=\"elementor-button elementor-button-link elementor-size-sm\" href=\"https:\/\/campingleverdoyant.com\/verdoyant\/\/tarifs\/vacaf\/\">\n\t\t\t\t\t\t<span class=\"elementor-button-content-wrapper\">\n\t\t\t\t\t\t\t\t\t<span class=\"elementor-button-text\">VACAF<\/span>\n\t\t\t\t\t<\/span>\n\t\t\t\t\t<\/a>\n\t\t\t\t<\/div>\n\t\t\t\t\t\t\t\t<\/div>\n\t\t\t\t<\/div>\n\t\t\t\t\t<\/div>\n\t\t<\/div>\n\t\t\t\t<div class=\"elementor-column elementor-col-33 elementor-top-column elementor-element elementor-element-11de97d\" data-id=\"11de97d\" data-element_type=\"column\" data-e-type=\"column\">\n\t\t\t<div class=\"elementor-widget-wrap\">\n\t\t\t\t\t\t\t<\/div>\n\t\t<\/div>\n\t\t\t\t\t<\/div>\n\t\t<\/section>\n\t\t\t\t<section class=\"elementor-section elementor-top-section elementor-element elementor-element-e86cc45 elementor-section-full_width elementor-section-content-middle elementor-section-height-default elementor-section-height-default\" data-id=\"e86cc45\" data-element_type=\"section\" data-e-type=\"section\">\n\t\t\t\t\t\t<div class=\"elementor-container elementor-column-gap-default\">\n\t\t\t\t\t<div class=\"elementor-column elementor-col-33 elementor-top-column elementor-element elementor-element-c962391\" data-id=\"c962391\" data-element_type=\"column\" data-e-type=\"column\">\n\t\t\t<div class=\"elementor-widget-wrap elementor-element-populated\">\n\t\t\t\t\t\t<div class=\"elementor-element elementor-element-fbf000c elementor-widget elementor-widget-image\" data-id=\"fbf000c\" data-element_type=\"widget\" data-e-type=\"widget\" data-widget_type=\"image.default\">\n\t\t\t\t<div class=\"elementor-widget-container\">\n\t\t\t\t\t\t\t\t\t\t\t\t\t\t\t\t<a href=\"https:\/\/www.camping2be.com\/france\/thenon\/avis-clients-camping-le-verdoyant\" target=\"_blank\">\n\t\t\t\t\t\t\t<img decoding=\"async\" src=\"https:\/\/campingleverdoyant.com\/verdoyant\/wp-content\/uploads\/elementor\/thumbs\/camping2b-rgyphh5fhfzg3fldmv1kuuyec9vdjc006bjzyv98sk.jpg\" title=\"camping2b\" alt=\"camping 2 be\" loading=\"lazy\" \/>\t\t\t\t\t\t\t\t<\/a>\n\t\t\t\t\t\t\t\t\t\t\t\t\t\t\t<\/div>\n\t\t\t\t<\/div>\n\t\t\t\t\t<\/div>\n\t\t<\/div>\n\t\t\t\t<div class=\"elementor-column elementor-col-33 elementor-top-column elementor-element elementor-element-7cc0fda\" data-id=\"7cc0fda\" data-element_type=\"column\" data-e-type=\"column\">\n\t\t\t<div class=\"elementor-widget-wrap elementor-element-populated\">\n\t\t\t\t\t\t<div class=\"elementor-element elementor-element-da30189 elementor-widget elementor-widget-shortcode\" data-id=\"da30189\" data-element_type=\"widget\" data-e-type=\"widget\" data-widget_type=\"shortcode.default\">\n\t\t\t\t<div class=\"elementor-widget-container\">\n\t\t\t\t\t\t\t<div class=\"elementor-shortcode\"><ctv-reviews data-external-link='true' ><\/ctv-reviews><\/div>\n\t\t\t\t\t\t<\/div>\n\t\t\t\t<\/div>\n\t\t\t\t\t<\/div>\n\t\t<\/div>\n\t\t\t\t<div class=\"elementor-column elementor-col-33 elementor-top-column elementor-element elementor-element-fdbcc61\" data-id=\"fdbcc61\" data-element_type=\"column\" data-e-type=\"column\">\n\t\t\t<div class=\"elementor-widget-wrap elementor-element-populated\">\n\t\t\t\t\t\t<div class=\"elementor-element elementor-element-a83fc80 elementor-widget elementor-widget-html\" data-id=\"a83fc80\" data-element_type=\"widget\" data-e-type=\"widget\" data-widget_type=\"html.default\">\n\t\t\t\t<div class=\"elementor-widget-container\">\n\t\t\t\t\t<html>\r\n <body style=\"background-color: #ffffff\">\r\n        <div style=\"max-width: 500px; text-align: left;\"> \r\n        <script>\r\n                var customOptions = {\r\n                    Identity:{\r\n                        CompanyId: '370',\r\n                        EstablishmentIds: '3874',\r\n                        Language: 'FR',\r\n                        Police: 'Indie Flower',\r\n                        ShowHeader: 'true',\r\n                        HeaderColor: '02fbb7',\r\n                        TextColor: '000000',\r\n                        BackgroundColor: 'fca002',\r\n                        PoliceColor: '028afb',\r\n                        ButtonColor: '028afb',\r\n                        HoverColor: '02fbb7'\r\n                }\r\n            };\r\n            !function(){var e=new window.CTV.Widget(\"CRM\", \"NewsLetter\",\r\ncustomOptions);\r\n            document.write(e.Write()),window.CTV.WidgetsCollection.push(e), e.Send()}();\r\n        <\/script>\r\n    <\/div>\r\n<\/body>\r\n<\/html>\t\t\t\t<\/div>\n\t\t\t\t<\/div>\n\t\t\t\t\t<\/div>\n\t\t<\/div>\n\t\t\t\t\t<\/div>\n\t\t<\/section>\n\t\t\t\t<section class=\"elementor-section elementor-top-section elementor-element elementor-element-9448fb0 elementor-section-boxed elementor-section-height-default elementor-section-height-default\" data-id=\"9448fb0\" data-element_type=\"section\" data-e-type=\"section\">\n\t\t\t\t\t\t<div class=\"elementor-container elementor-column-gap-default\">\n\t\t\t\t\t<div class=\"elementor-column elementor-col-100 elementor-top-column elementor-element elementor-element-ff40f2d\" data-id=\"ff40f2d\" data-element_type=\"column\" data-e-type=\"column\">\n\t\t\t<div class=\"elementor-widget-wrap elementor-element-populated\">\n\t\t\t\t\t\t<div class=\"elementor-element elementor-element-e5f5231 elementor-widget elementor-widget-image\" data-id=\"e5f5231\" data-element_type=\"widget\" data-e-type=\"widget\" data-widget_type=\"image.default\">\n\t\t\t\t<div class=\"elementor-widget-container\">\n\t\t\t\t\t\t\t\t\t\t\t\t\t\t\t<img fetchpriority=\"high\" decoding=\"async\" width=\"768\" height=\"137\" src=\"https:\/\/campingleverdoyant.com\/verdoyant\/wp-content\/uploads\/moyens-paiement-768x137.jpg\" class=\"attachment-medium_large size-medium_large wp-image-5125\" alt=\"\" srcset=\"https:\/\/campingleverdoyant.com\/verdoyant\/wp-content\/uploads\/moyens-paiement-768x137.jpg 768w, https:\/\/campingleverdoyant.com\/verdoyant\/wp-content\/uploads\/moyens-paiement-300x53.jpg 300w, https:\/\/campingleverdoyant.com\/verdoyant\/wp-content\/uploads\/moyens-paiement-1024x182.jpg 1024w, https:\/\/campingleverdoyant.com\/verdoyant\/wp-content\/uploads\/moyens-paiement.jpg 1051w\" sizes=\"(max-width: 768px) 100vw, 768px\" \/>\t\t\t\t\t\t\t\t\t\t\t\t\t\t\t<\/div>\n\t\t\t\t<\/div>\n\t\t\t\t\t<\/div>\n\t\t<\/div>\n\t\t\t\t\t<\/div>\n\t\t<\/section>\n\t\t\t\t<section class=\"elementor-section elementor-top-section elementor-element elementor-element-1ba0f5f elementor-section-boxed elementor-section-height-default elementor-section-height-default\" data-id=\"1ba0f5f\" data-element_type=\"section\" data-e-type=\"section\">\n\t\t\t\t\t\t<div class=\"elementor-container elementor-column-gap-default\">\n\t\t\t\t\t<div class=\"elementor-column elementor-col-100 elementor-top-column elementor-element elementor-element-5c449be\" data-id=\"5c449be\" data-element_type=\"column\" data-e-type=\"column\">\n\t\t\t<div class=\"elementor-widget-wrap elementor-element-populated\">\n\t\t\t\t\t\t<div class=\"elementor-element elementor-element-bc89552 elementor-widget elementor-widget-text-editor\" data-id=\"bc89552\" data-element_type=\"widget\" data-e-type=\"widget\" data-widget_type=\"text-editor.default\">\n\t\t\t\t<div class=\"elementor-widget-container\">\n\t\t\t\t\t\t\t\t\t<p><span style=\"color: #ffffff;\"><strong><span style=\"font-size: 12pt;\">camping dordogne mobil home promo 2 semaines long s\u00e9jour<\/span><\/strong><\/span><\/p>\t\t\t\t\t\t\t\t<\/div>\n\t\t\t\t<\/div>\n\t\t\t\t\t<\/div>\n\t\t<\/div>\n\t\t\t\t\t<\/div>\n\t\t<\/section>\n\t\t\t\t<\/div>\n\t\t","protected":false},"excerpt":{"rendered":"<p>Les tarifs \u2666\u00a0 Vous n&rsquo;avez pas de dates mais vous souhaitez simplement consulter les prix. Cliquez sur le lien pour visualiser tous les\u00a0tarifs en lignecamping dordogne mobil home promo 2 semaines long s\u00e9jour\u2666\u00a0 Vous avez des dates : allez dans l&rsquo;onglet ci-dessus, cliquez sur \u00ab\u00a0AJOUTER DATES\u00a0\u00bb et entrez vos dates, cliquez sur \u00ab\u00a0AJOUTER PARTICIPANT et&hellip;&nbsp;<a href=\"https:\/\/campingleverdoyant.com\/verdoyant\/tarifs\/\" rel=\"bookmark\">Lire la suite &raquo;<span class=\"screen-reader-text\">Les Tarifs<\/span><\/a><\/p>\n","protected":false},"author":3,"featured_media":0,"parent":0,"menu_order":0,"comment_status":"closed","ping_status":"closed","template":"","meta":{"neve_meta_sidebar":"","neve_meta_container":"","neve_meta_enable_content_width":"","neve_meta_content_width":0,"neve_meta_title_alignment":"","neve_meta_author_avatar":"","neve_post_elements_order":"","neve_meta_disable_header":"","neve_meta_disable_footer":"","neve_meta_disable_title":"","_kadence_starter_templates_imported_post":false,"footnotes":""},"class_list":["post-242","page","type-page","status-publish","hentry"],"_links":{"self":[{"href":"https:\/\/campingleverdoyant.com\/verdoyant\/wp-json\/wp\/v2\/pages\/242","targetHints":{"allow":["GET"]}}],"collection":[{"href":"https:\/\/campingleverdoyant.com\/verdoyant\/wp-json\/wp\/v2\/pages"}],"about":[{"href":"https:\/\/campingleverdoyant.com\/verdoyant\/wp-json\/wp\/v2\/types\/page"}],"author":[{"embeddable":true,"href":"https:\/\/campingleverdoyant.com\/verdoyant\/wp-json\/wp\/v2\/users\/3"}],"replies":[{"embeddable":true,"href":"https:\/\/campingleverdoyant.com\/verdoyant\/wp-json\/wp\/v2\/comments?post=242"}],"version-history":[{"count":80,"href":"https:\/\/campingleverdoyant.com\/verdoyant\/wp-json\/wp\/v2\/pages\/242\/revisions"}],"predecessor-version":[{"id":9393,"href":"https:\/\/campingleverdoyant.com\/verdoyant\/wp-json\/wp\/v2\/pages\/242\/revisions\/9393"}],"wp:attachment":[{"href":"https:\/\/campingleverdoyant.com\/verdoyant\/wp-json\/wp\/v2\/media?parent=242"}],"curies":[{"name":"wp","href":"https:\/\/api.w.org\/{rel}","templated":true}]}}